{"id":2519,"date":"2014-05-11T10:39:44","date_gmt":"2014-05-11T08:39:44","guid":{"rendered":"http:\/\/www.worm-sawosskaja.de\/cms\/?page_id=2519"},"modified":"2023-07-14T14:45:29","modified_gmt":"2023-07-14T12:45:29","slug":"paedagogisches-konzept","status":"publish","type":"page","link":"https:\/\/worm-sawosskaja.de\/klavierstudio\/paedagogisches-konzept\/","title":{"rendered":"P\u00e4dagogisches Konzept"},"content":{"rendered":"\t\t<div data-elementor-type=\"wp-page\" data-elementor-id=\"2519\" class=\"elementor elementor-2519\">\n\t\t\t\t\t\t<section class=\"elementor-section elementor-top-section elementor-element elementor-element-383e113c elementor-section-boxed elementor-section-height-default elementor-section-height-default\" data-id=\"383e113c\" data-element_type=\"section\" data-e-type=\"section\">\n\t\t\t\t\t\t<div class=\"elementor-container elementor-column-gap-default\">\n\t\t\t\t\t<div class=\"elementor-column elementor-col-100 elementor-top-column elementor-element elementor-element-38fcc873\" data-id=\"38fcc873\" data-element_type=\"column\" data-e-type=\"column\">\n\t\t\t<div class=\"elementor-widget-wrap elementor-element-populated\">\n\t\t\t\t\t\t<div class=\"elementor-element elementor-element-71da5086 elementor-widget elementor-widget-text-editor\" data-id=\"71da5086\" data-element_type=\"widget\" data-e-type=\"widget\" data-widget_type=\"text-editor.default\">\n\t\t\t\t<div class=\"elementor-widget-container\">\n\t\t\t\t\t\t\t\t\t<h2>\u00a0 \u00a0Das erwartet unsere Sch\u00fcler\/Innen:<\/h2><ul><li class=\"li1\"><span class=\"s1\">Eine umfassende Ausbildung, die internationalen Standards entspricht.<\/span><\/li><li>Unterricht nach Methoden der russischen Klavierschule.<\/li><li><span class=\"s1\">Begegnung mit netten und aufgeschlossenen Dozenten, die \u00fcber eine erfolgreiche p\u00e4dagogische und konzertante Erfahrung verf\u00fcgen.<\/span><\/li><li><span class=\"s1\">Ein inspirierendes und f\u00f6rderndes Lernumfeld.<\/span><\/li><li class=\"li1\">zahlreiche \u00f6ffentliche Auftritte, Sch\u00fclerkonzerte und Teilnahme an Klavierwettbewerben.<\/li><li class=\"li1\"><span class=\"s1\">Unterricht auf hochwertigen Markenfl\u00fcgeln und Zugang zu unserer umfangreichen Notenbibliothek.<\/span><\/li><li class=\"li1\"><span class=\"s1\">Gezielte Vorbereitung auf Aufnahmepr\u00fcfungen an Musikhochschulen.<\/span><\/li><li class=\"li1\"><p class=\"p1\">F\u00fcr besonders begabte Kinder: Vorbereitung auf Musikhochschul-Vorstudium bzw. PreCollege.<\/p><\/li><li><span class=\"s1\">Unser Team widmet sich mit besonderem Engagement und Fachwissen der F\u00f6rderung der jungen Talente, um ihnen den bestm\u00f6glichen Start in ihre musikalische Karriere zu erm\u00f6glichen.<\/span><\/li><li><p class=\"p1\"><span class=\"s1\">Regelm\u00e4\u00dfig f\u00fchren wir individuelle und beratende Elterngespr\u00e4che, um unseren Sch\u00fclerinnen und Sch\u00fcler bei der Weiterentwicklung ihres Klavierspiels zu helfen.\u00a0 \u00a0 \u00a0 \u00a0 \u00a0<\/span><\/p><\/li><li><p class=\"p1\"><span class=\"s1\">Wir stehen den Eltern mit Rat und Tat zur Seite, beantworten Fragen und geben wertvolle Tipps, wie sie ihre Kinder beim Klavierspiel unterst\u00fctzen k\u00f6nnen.<\/span><\/p><\/li><li><p class=\"p1\"><span class=\"s1\">Uns ist es wichtig, eine vertrauensvolle und offene Kommunikation zu pflegen, um gemeinsam das Beste f\u00fcr unsere Sch\u00fclerinnen und Sch\u00fcler zu erreichen.<\/span><\/p><\/li><\/ul><h2>\u00a0 \u00a0Klavierunterricht:<\/h2><ul><li><p class=\"p1\">Wir legen besonderen Wert auf die Vermittlung einer professionellen Basis im Klavierspiel, die u.a. eine einwandfreie Klaviertechnik und musikalische Ausdruckskraft umfasst.<\/p><\/li><li>Unser Unterrichtsprogramm hat folgende Schwerpunkte:<ul><li>Eine professionelle Handstellung, um eine optimale Kontrolle und Flexibilit\u00e4t \u00fcber das Instrument zu gew\u00e4hrleisten.<\/li><li>Eine einwandfreie Technik, die es den Sch\u00fclerinnen und Sch\u00fclern erm\u00f6glicht, technische Herausforderungen souver\u00e4n zu meistern.<\/li><li><span class=\"s1\">Am Ende jedes Semesters findet eine Tonleiter- und Et\u00fcden-Pr\u00fcfung statt, um den individuellen Fortschritt zu \u00fcberpr\u00fcfen und gezielt weiterzuentwickeln.<\/span><\/li><li>Ein facettenreicher Umgang mit dem Klavierklang, um den individuellen Ausdruck und die Klangvielfalt des Instruments zu erforschen.<\/li><li>Ein gro\u00dfes Repertoire mit Werken aus verschiedenen musikalischen Epochen, einschlie\u00dflich Barock, Klassik, Romantik, Sp\u00e4tromantik, Impressionismus und moderner Musik.<\/li><li>Eine stilistisch richtige Interpretation von Klavierwerken, um den Charakter und die Intention der Komponisten authentisch zum Ausdruck zu bringen.<\/li><li>Unser Ziel ist es, unseren Sch\u00fclerinnen und Sch\u00fclern eine solide Basis im Klavierspiel zu vermitteln, die auf einer professionellen Klaviertechnik und einem facettenreichen musikalischen Ausdruck beruht. Durch eine gezielte Entwicklung der Handstellung, Technik, Klavierklang-Variationen und stilistisch richtigen Interpretation erm\u00f6glichen wir ihnen eine umfassende musikalische Ausbildung und f\u00f6rdern ihre individuelle Ausdrucksf\u00e4higkeit.<\/li><li>Unser Unterrichtsprogramm bietet eine abwechslungsreiche Auswahl an St\u00fccken aus verschiedenen musikalischen Epochen, um den musikalischen Horizont unserer Sch\u00fclerinnen und Sch\u00fcler zu erweitern. Wir legen gro\u00dfen Wert darauf, dass sie die F\u00e4higkeit entwickeln, verschiedene Stilrichtungen zu verstehen und authentisch zu interpretieren.<\/li><li>Durch unseren Fokus auf die Vermittlung einer professionellen Basis im Klavierspiel schaffen wir die Grundlage f\u00fcr eine fundierte musikalische Entwicklung und erm\u00f6glichen es unseren Sch\u00fclerinnen und Sch\u00fclern, ihr volles musikalisches Potenzial zu entfalten.<\/li><\/ul><\/li><li><p class=\"p1\"><span class=\"s1\">Wir legen gro\u00dfen Wert auf die Vorbereitung unserer Sch\u00fclerinnen und Sch\u00fcler f\u00fcr \u00f6ffentliche Auftritte. Eine intensive Betreuung und Unterst\u00fctzung wird ihnen zuteil, um ihr Selbstvertrauen auf der B\u00fchne zu st\u00e4rken.<\/span><\/p><h2>Kompositionsunterricht:<\/h2><p>Unser Kompositionsunterricht richtet sich an Kinder, Jugendliche und Erwachsene, die am Klavier gerne improvisieren, nach Geh\u00f6r spielen oder einfach etwas Neues erschaffen m\u00f6chten. Dabei spielt es keine Rolle, ob Sie bereits musikalische Vorkenntnisse haben oder nicht. Wir begleiten Sie auf Ihrem kreativen Weg und helfen Ihnen dabei, Ihre musikalischen Ideen zu formen und auszudr\u00fccken.<\/p><p>Dabei bieten wir folgende M\u00f6glichkeiten:<\/p><ul><li>Begleitung und Bearbeitung von Liedern f\u00fcr Gesang und Klavier: Wir unterst\u00fctzen Sie dabei, Ihre Lieblingslieder f\u00fcr den Gesang und das Klavier zu begleiten und sie nach Ihren Vorstellungen zu gestalten.<\/li><li>Sch\u00f6pfung eigener Lieder: Wir ermutigen Sie, Ihre eigenen Lieder zu komponieren und Ihre individuellen k\u00fcnstlerischen Ideen zum Ausdruck zu bringen.<\/li><li>Erstellung kurzer Kompositionen f\u00fcr Klavier, Chor oder Kammerensemble: Wir begleiten Sie bei der Komposition von kurzen St\u00fccken f\u00fcr das Klavier, f\u00fcr Ch\u00f6re oder f\u00fcr Kammerensembles und helfen Ihnen dabei, Ihre musikalischen Vorstellungen umzusetzen.<\/li><\/ul><\/li><\/ul><p>Lassen Sie sich von Ihrer musikalischen Leidenschaft leiten und entdecken Sie die Freude am Schaffen eigener Musikwerke.<\/p><h2><strong>\u00a0 Theoretische F\u00e4cher: <\/strong><\/h2><p>Der Inhalt der theoretischen Pflichtf\u00e4cher ist eng mit dem Klavierunterricht verbunden. Nur so k\u00f6nnen wir die hervorragenden Ergebnisse unserer p\u00e4dagogischen Arbeit erzielen. Ein Beispiel daf\u00fcr ist die korrekte Vermittlung der Sonatenform, um Sonatinen und Sonaten spielen zu k\u00f6nnen, was ohne entsprechende Kenntnisse unm\u00f6glich ist. Gleiches gilt f\u00fcr den Bereich der polyphonen Werke von J.S. Bach u.a.<\/p><h2>Musiktheorie-Harmonielehre-Geh\u00f6rbildung:<\/h2><ul><li>Vermittlung aller Grundregeln der Musiktheorie und der\u00a0 Harmonielehre<\/li><li>Solfeggieren<\/li><li>F\u00f6rderung des musikalischen Geh\u00f6rs bis zur Weiterentwicklung zum absoluten Geh\u00f6r<\/li><li>Ein- und zweistimmige melodische sowie rhythmische Diktate.<\/li><li>Auf spielerische Weise wird den Sch\u00fclerinnen und Sch\u00fclern beigebracht, die Tonh\u00f6hen von einzelnen T\u00f6nen, Intervallen sowie Akkorden einwandfrei zu erkennen, sodass sie sp\u00e4ter problemlos beliebige Melodien auf dem Klavier wiedergeben k\u00f6nnen.<\/li><\/ul><h2>Musikgeschichte:<\/h2><ul><li>Die Vermittlung von Kenntnissen \u00fcber die bedeutendsten Komponisten und ihre Werke aus allen Epochen steht bei uns im Fokus.<\/li><li>Wir gestalten den Unterricht kindesgerecht, um den Sch\u00fclerinnen und Sch\u00fclern zu erm\u00f6glichen, klassische Musik nicht nur zu h\u00f6ren, sondern sich auch damit zu identifizieren.<\/li><li>Dar\u00fcber hinaus organisieren wir gemeinsame Konzert- und Theaterbesuche, um den Sch\u00fclern die M\u00f6glichkeit zu geben, live Musik- und Theaterauff\u00fchrungen zu erleben und ihre kulturellen Horizonte zu erweitern.<\/li><li>Unser Ziel ist es, den Sch\u00fclern ein tieferes Verst\u00e4ndnis und eine pers\u00f6nliche Verbindung zur klassischen Musik zu vermitteln. Wir m\u00f6chten ihre Begeisterung wecken und ihnen erm\u00f6glichen, die Sch\u00f6nheit und Ausdruckskraft der Werke gro\u00dfer Komponisten hautnah zu erleben.<\/li><\/ul>\t\t\t\t\t\t\t\t<\/div>\n\t\t\t\t<\/div>\n\t\t\t\t\t<\/div>\n\t\t<\/div>\n\t\t\t\t\t<\/div>\n\t\t<\/section>\n\t\t\t\t<\/div>\n\t\t","protected":false},"excerpt":{"rendered":"<p>\u00a0 \u00a0Das erwartet unsere Sch\u00fcler\/Innen: Eine umfassende Ausbildung, die internationalen Standards entspricht. Unterricht nach Methoden der russischen Klavierschule. Begegnung mit netten und aufgeschlossenen Dozenten, die&#8230;<\/p>\n","protected":false},"author":1,"featured_media":0,"parent":0,"menu_order":0,"comment_status":"closed","ping_status":"closed","template":"","meta":{"footnotes":""},"class_list":["post-2519","page","type-page","status-publish","hentry"],"_links":{"self":[{"href":"https:\/\/worm-sawosskaja.de\/klavierstudio\/wp-json\/wp\/v2\/pages\/2519","targetHints":{"allow":["GET"]}}],"collection":[{"href":"https:\/\/worm-sawosskaja.de\/klavierstudio\/wp-json\/wp\/v2\/pages"}],"about":[{"href":"https:\/\/worm-sawosskaja.de\/klavierstudio\/wp-json\/wp\/v2\/types\/page"}],"author":[{"embeddable":true,"href":"https:\/\/worm-sawosskaja.de\/klavierstudio\/wp-json\/wp\/v2\/users\/1"}],"replies":[{"embeddable":true,"href":"https:\/\/worm-sawosskaja.de\/klavierstudio\/wp-json\/wp\/v2\/comments?post=2519"}],"version-history":[{"count":17,"href":"https:\/\/worm-sawosskaja.de\/klavierstudio\/wp-json\/wp\/v2\/pages\/2519\/revisions"}],"predecessor-version":[{"id":4973,"href":"https:\/\/worm-sawosskaja.de\/klavierstudio\/wp-json\/wp\/v2\/pages\/2519\/revisions\/4973"}],"wp:attachment":[{"href":"https:\/\/worm-sawosskaja.de\/klavierstudio\/wp-json\/wp\/v2\/media?parent=2519"}],"curies":[{"name":"wp","href":"https:\/\/api.w.org\/{rel}","templated":true}]}}