{"id":2574,"date":"2014-05-11T15:19:31","date_gmt":"2014-05-11T13:19:31","guid":{"rendered":"https:\/\/worm-sawosskaja.de\/klavierstudio\/?page_id=2574"},"modified":"2025-05-28T16:38:43","modified_gmt":"2025-05-28T14:38:43","slug":"raeumlichkeiten","status":"publish","type":"page","link":"https:\/\/worm-sawosskaja.de\/klavierstudio\/raeumlichkeiten\/","title":{"rendered":"R\u00e4umlichkeiten"},"content":{"rendered":"\t\t<div data-elementor-type=\"wp-page\" data-elementor-id=\"2574\" class=\"elementor elementor-2574\">\n\t\t\t\t\t\t<section class=\"elementor-section elementor-top-section elementor-element elementor-element-3affef07 elementor-section-boxed elementor-section-height-default elementor-section-height-default\" data-id=\"3affef07\" data-element_type=\"section\" data-e-type=\"section\">\n\t\t\t\t\t\t<div class=\"elementor-container elementor-column-gap-default\">\n\t\t\t\t\t<div class=\"elementor-column elementor-col-100 elementor-top-column elementor-element elementor-element-52bd3289\" data-id=\"52bd3289\" data-element_type=\"column\" data-e-type=\"column\">\n\t\t\t<div class=\"elementor-widget-wrap elementor-element-populated\">\n\t\t\t\t\t\t<div class=\"elementor-element elementor-element-79a88a3a elementor-widget elementor-widget-text-editor\" data-id=\"79a88a3a\" data-element_type=\"widget\" data-e-type=\"widget\" data-widget_type=\"text-editor.default\">\n\t\t\t\t<div class=\"elementor-widget-container\">\n\t\t\t\t\t\t\t\t\t\n<p>Unser Klavierstudio legt seit dem Bestehen sehr gro\u00dfen Wert darauf, dass unsere Sch\u00fclerinnen und Sch\u00fcler von Anfang an auf Markenfl\u00fcgel unterrichtet werden, damit sie bei ihren \u00f6ffentlichen Auftritten sich mit den Markenfl\u00fcgel auf den Konzertb\u00fchnen bereits auskennen und sich dadurch sicherer f\u00fchlen.<\/p>\n\n<figure class=\"wp-block-image\"><img fetchpriority=\"high\" decoding=\"async\" width=\"800\" height=\"530\" class=\"wp-image-2775\" src=\"https:\/\/worm-sawosskaja.de\/klavierstudio\/wp-content\/themes\/maktub\/assets\/images\/transparent.gif\" data-lazy=\"true\" data-src=\"https:\/\/worm-sawosskaja.de\/klavierstudio\/wp-content\/uploads\/2016\/06\/raum_nr-1.jpg\" alt=\"Unterrichtsraum 1\" data-srcset=\"https:\/\/worm-sawosskaja.de\/klavierstudio\/wp-content\/uploads\/2016\/06\/raum_nr-1.jpg 800w, https:\/\/worm-sawosskaja.de\/klavierstudio\/wp-content\/uploads\/2016\/06\/raum_nr-1-300x199.jpg 300w, https:\/\/worm-sawosskaja.de\/klavierstudio\/wp-content\/uploads\/2016\/06\/raum_nr-1-768x509.jpg 768w\" data-sizes=\"(max-width: 800px) 100vw, 800px\" \/><\/figure>\n\n<h2 class=\"wp-block-heading\">Unterrichtsraum 1<\/h2>\n\n<p>Zwei neue Markenfl\u00fcgel Yamaha GC1 erm\u00f6glichen unseren Sch\u00fclerinnen und Sch\u00fclern das Repertoire f\u00fcr zwei Klaviere zu erlernen und zu erarbeiten.<\/p>\n\n<figure class=\"wp-block-image\"><img decoding=\"async\" width=\"800\" height=\"530\" class=\"wp-image-2776\" src=\"https:\/\/worm-sawosskaja.de\/klavierstudio\/wp-content\/themes\/maktub\/assets\/images\/transparent.gif\" data-lazy=\"true\" data-src=\"https:\/\/worm-sawosskaja.de\/klavierstudio\/wp-content\/uploads\/2016\/06\/raum_3.jpg\" alt=\"Unterrichtsraum 3\" data-srcset=\"https:\/\/worm-sawosskaja.de\/klavierstudio\/wp-content\/uploads\/2016\/06\/raum_3.jpg 800w, https:\/\/worm-sawosskaja.de\/klavierstudio\/wp-content\/uploads\/2016\/06\/raum_3-300x199.jpg 300w, https:\/\/worm-sawosskaja.de\/klavierstudio\/wp-content\/uploads\/2016\/06\/raum_3-768x509.jpg 768w\" data-sizes=\"(max-width: 800px) 100vw, 800px\" \/><\/figure>\n\n<h2 class=\"wp-block-heading\">Raum 3<\/h2>\n\n<p>ausgestattet mit einem neuen Markenfl\u00fcgel Yamaha GC1<\/p>\n\n<figure class=\"wp-block-image\"><img decoding=\"async\" width=\"800\" height=\"530\" class=\"wp-image-2779\" src=\"https:\/\/worm-sawosskaja.de\/klavierstudio\/wp-content\/themes\/maktub\/assets\/images\/transparent.gif\" data-lazy=\"true\" data-src=\"https:\/\/worm-sawosskaja.de\/klavierstudio\/wp-content\/uploads\/2016\/06\/warteraum_.jpg\" alt=\"Warteraum\" data-srcset=\"https:\/\/worm-sawosskaja.de\/klavierstudio\/wp-content\/uploads\/2016\/06\/warteraum_.jpg 800w, https:\/\/worm-sawosskaja.de\/klavierstudio\/wp-content\/uploads\/2016\/06\/warteraum_-300x199.jpg 300w, https:\/\/worm-sawosskaja.de\/klavierstudio\/wp-content\/uploads\/2016\/06\/warteraum_-768x509.jpg 768w\" data-sizes=\"(max-width: 800px) 100vw, 800px\" \/><\/figure>\n\n<h2 class=\"wp-block-heading\">Warteraum<\/h2>\n\n<p>Im Warteraum informieren wir Sie zus\u00e4tzlich durch Urkunden und Presseberichte \u00fcber aktuelle Erfolge unserer Sch\u00fclerinnen und Sch\u00fcler bei Wettbewerben und \u00f6ffentlichen Auftritten.<\/p>\n\n<p>Getr\u00e4nke f\u00fcr Sie sind kostenlos.<\/p>\n\n<figure class=\"wp-block-image\"><img loading=\"lazy\" decoding=\"async\" class=\"alignnone wp-image-7558 size-large\" src=\"https:\/\/worm-sawosskaja.de\/klavierstudio\/wp-content\/themes\/maktub\/assets\/images\/transparent.gif\" data-lazy=\"true\" data-src=\"https:\/\/worm-sawosskaja.de\/klavierstudio\/wp-content\/uploads\/2025\/05\/Theorieraum-28.05.20251-1024x768.jpg\" alt=\"\" width=\"706\" height=\"530\" data-srcset=\"https:\/\/worm-sawosskaja.de\/klavierstudio\/wp-content\/uploads\/2025\/05\/Theorieraum-28.05.20251-1024x768.jpg 1024w, https:\/\/worm-sawosskaja.de\/klavierstudio\/wp-content\/uploads\/2025\/05\/Theorieraum-28.05.20251-300x225.jpg 300w, https:\/\/worm-sawosskaja.de\/klavierstudio\/wp-content\/uploads\/2025\/05\/Theorieraum-28.05.20251-768x576.jpg 768w, https:\/\/worm-sawosskaja.de\/klavierstudio\/wp-content\/uploads\/2025\/05\/Theorieraum-28.05.20251-1536x1152.jpg 1536w, https:\/\/worm-sawosskaja.de\/klavierstudio\/wp-content\/uploads\/2025\/05\/Theorieraum-28.05.20251-2048x1536.jpg 2048w\" data-sizes=\"(max-width: 706px) 100vw, 706px\" \/><\/figure>\n\n<h2 class=\"wp-block-heading\">Raum 2 , Theorieraum<\/h2>\n\n<p>ausgestattet mit einem Fl\u00fcgel der deutschen Marke Zeitter und Winkelmann. Direkter Zugang zum Internet.<\/p>\n\n<p>Eine fahrbare Tafel mit Notenlinien und einem Magnet-Notensatz erh\u00f6hen den Spa\u00df am Unterricht.<\/p>\n\n<p>Hier wird der Gruppenunterricht in kleinen Gruppen (max. sechs Sch\u00fcler\/innen) in den F\u00e4chern Musiktheorie\/Geh\u00f6rbildung, Harmonielehre, Musikgeschichte und Werkanalyse durchgef\u00fchrt.<\/p>\n\n<figure class=\"wp-block-image\"><img loading=\"lazy\" decoding=\"async\" width=\"800\" height=\"974\" class=\"wp-image-2777\" src=\"https:\/\/worm-sawosskaja.de\/klavierstudio\/wp-content\/themes\/maktub\/assets\/images\/transparent.gif\" data-lazy=\"true\" data-src=\"https:\/\/worm-sawosskaja.de\/klavierstudio\/wp-content\/uploads\/2016\/06\/notenbibliothek_.jpg\" alt=\"Notenbibliothek\" data-srcset=\"https:\/\/worm-sawosskaja.de\/klavierstudio\/wp-content\/uploads\/2016\/06\/notenbibliothek_.jpg 800w, https:\/\/worm-sawosskaja.de\/klavierstudio\/wp-content\/uploads\/2016\/06\/notenbibliothek_-246x300.jpg 246w, https:\/\/worm-sawosskaja.de\/klavierstudio\/wp-content\/uploads\/2016\/06\/notenbibliothek_-768x935.jpg 768w\" data-sizes=\"(max-width: 800px) 100vw, 800px\" \/><\/figure>\n\n<h2 class=\"wp-block-heading\">Notenbibliothek<\/h2>\n\n<p>Zahlreiche Notenb\u00e4nde mit Musik aus allen Epochen stehen unseren Sch\u00fclerinnen und Sch\u00fclern zur Verf\u00fcgung. Kopien sind kostenlos.<\/p>\n\t\t\t\t\t\t\t\t<\/div>\n\t\t\t\t<\/div>\n\t\t\t\t\t<\/div>\n\t\t<\/div>\n\t\t\t\t\t<\/div>\n\t\t<\/section>\n\t\t\t\t<\/div>\n\t\t","protected":false},"excerpt":{"rendered":"<p>Unser Klavierstudio legt seit dem Bestehen sehr gro\u00dfen Wert darauf, dass unsere Sch\u00fclerinnen und Sch\u00fcler von Anfang an auf Markenfl\u00fcgel unterrichtet werden, damit sie bei&#8230;<\/p>\n","protected":false},"author":1,"featured_media":0,"parent":0,"menu_order":0,"comment_status":"closed","ping_status":"closed","template":"","meta":{"footnotes":""},"class_list":["post-2574","page","type-page","status-publish","hentry"],"_links":{"self":[{"href":"https:\/\/worm-sawosskaja.de\/klavierstudio\/wp-json\/wp\/v2\/pages\/2574","targetHints":{"allow":["GET"]}}],"collection":[{"href":"https:\/\/worm-sawosskaja.de\/klavierstudio\/wp-json\/wp\/v2\/pages"}],"about":[{"href":"https:\/\/worm-sawosskaja.de\/klavierstudio\/wp-json\/wp\/v2\/types\/page"}],"author":[{"embeddable":true,"href":"https:\/\/worm-sawosskaja.de\/klavierstudio\/wp-json\/wp\/v2\/users\/1"}],"replies":[{"embeddable":true,"href":"https:\/\/worm-sawosskaja.de\/klavierstudio\/wp-json\/wp\/v2\/comments?post=2574"}],"version-history":[{"count":10,"href":"https:\/\/worm-sawosskaja.de\/klavierstudio\/wp-json\/wp\/v2\/pages\/2574\/revisions"}],"predecessor-version":[{"id":7568,"href":"https:\/\/worm-sawosskaja.de\/klavierstudio\/wp-json\/wp\/v2\/pages\/2574\/revisions\/7568"}],"wp:attachment":[{"href":"https:\/\/worm-sawosskaja.de\/klavierstudio\/wp-json\/wp\/v2\/media?parent=2574"}],"curies":[{"name":"wp","href":"https:\/\/api.w.org\/{rel}","templated":true}]}}