{"id":2578,"date":"2014-05-11T15:19:54","date_gmt":"2014-05-11T13:19:54","guid":{"rendered":"https:\/\/worm-sawosskaja.de\/klavierstudio\/?page_id=2578"},"modified":"2024-03-29T14:48:04","modified_gmt":"2024-03-29T13:48:04","slug":"gutscheine","status":"publish","type":"page","link":"https:\/\/worm-sawosskaja.de\/klavierstudio\/gutscheine\/","title":{"rendered":"Gutscheine"},"content":{"rendered":"\n<p>Gerne stellen wir Ihnen die Gutscheine gem\u00e4\u00df unserer Preisliste aus, ganz nach Ihren W\u00fcnschen. Sei es f\u00fcr einen Probeunterricht, einzelne Unterrichtsstunden oder f\u00fcr eine Probezeit von zwei Monaten.<\/p>\n\n\n\n<p>Kontakt: t.worm-sawosskaja@web.de  oder +49 172-7507439 <\/p>\n","protected":false},"excerpt":{"rendered":"<p>Gerne stellen wir Ihnen die Gutscheine gem\u00e4\u00df unserer Preisliste aus, ganz nach Ihren W\u00fcnschen. Sei es f\u00fcr einen Probeunterricht, einzelne Unterrichtsstunden oder f\u00fcr eine Probezeit&#8230;<\/p>\n","protected":false},"author":1,"featured_media":0,"parent":0,"menu_order":0,"comment_status":"closed","ping_status":"closed","template":"","meta":{"footnotes":""},"class_list":["post-2578","page","type-page","status-publish","hentry"],"_links":{"self":[{"href":"https:\/\/worm-sawosskaja.de\/klavierstudio\/wp-json\/wp\/v2\/pages\/2578","targetHints":{"allow":["GET"]}}],"collection":[{"href":"https:\/\/worm-sawosskaja.de\/klavierstudio\/wp-json\/wp\/v2\/pages"}],"about":[{"href":"https:\/\/worm-sawosskaja.de\/klavierstudio\/wp-json\/wp\/v2\/types\/page"}],"author":[{"embeddable":true,"href":"https:\/\/worm-sawosskaja.de\/klavierstudio\/wp-json\/wp\/v2\/users\/1"}],"replies":[{"embeddable":true,"href":"https:\/\/worm-sawosskaja.de\/klavierstudio\/wp-json\/wp\/v2\/comments?post=2578"}],"version-history":[{"count":1,"href":"https:\/\/worm-sawosskaja.de\/klavierstudio\/wp-json\/wp\/v2\/pages\/2578\/revisions"}],"predecessor-version":[{"id":5964,"href":"https:\/\/worm-sawosskaja.de\/klavierstudio\/wp-json\/wp\/v2\/pages\/2578\/revisions\/5964"}],"wp:attachment":[{"href":"https:\/\/worm-sawosskaja.de\/klavierstudio\/wp-json\/wp\/v2\/media?parent=2578"}],"curies":[{"name":"wp","href":"https:\/\/api.w.org\/{rel}","templated":true}]}}