{"id":2753,"date":"2014-09-13T11:21:58","date_gmt":"2014-09-13T09:21:58","guid":{"rendered":"https:\/\/worm-sawosskaja.de\/klavierstudio\/?page_id=2753"},"modified":"2025-09-09T19:50:10","modified_gmt":"2025-09-09T17:50:10","slug":"aufnahme","status":"publish","type":"page","link":"https:\/\/worm-sawosskaja.de\/klavierstudio\/aufnahme\/","title":{"rendered":"Aufnahme zum Klavierunterricht"},"content":{"rendered":"<p style=\"text-align: left;\">Die Aufnahme zum Klavierunterricht ist w\u00e4hrend des gesamten Schuljahres m\u00f6glich.<\/p>\n<h5>Das Aufnahmeverfahren f\u00fcr Kinder und Erwachsene besteht aus zwei Stufen:<\/h5>\n<h5>1. ein kostenpflichtiger Probeunterricht<\/h5>\n<p>30 Min.- 50,00 \u20ac<\/p>\n<p>oder<\/p>\n<p>45 Min.- 65,00 \u20ac<\/p>\n<p class=\"p1\"><span class=\"s1\"><span class=\"Apple-converted-space\">Preise <\/span><\/span><span class=\"s1\">nach Empfehlung von ver.di und Tonk\u00fcnstlerverband Baden-W\u00fcrttemberg \/ Auflage 2025 <\/span><\/p>\n<p>Der Probeunterricht f\u00fcr Kinder ohne Vorkenntnisse im Klavierspiel erfolgt auf spielerische Art und Weise. Dabei werden das musikalische Geh\u00f6r, das rhythmisches Gef\u00fchl, das Ged\u00e4chtnis, die Aufmerksamkeit, die Aufnahmef\u00e4higkeit und die Mitarbeit gepr\u00fcft.<\/p>\n<p>Beim Probeunterricht f\u00fcr Kinder und Erwachsene mit Vorkenntnissen im Klavierspiel wird an den bereits im Repertoire vorhandenen St\u00fccken gearbeitet.<\/p>\n<p>Die Spielart, der Anschlag, die Technik und der Umgang mit Klangfarben werden analysiert und basierend darauf Empfehlungen f\u00fcr die Probezeit ausgesprochen.<\/p>\n<h5>2. Eine kostenpflichtige Probezeit, die zwei Schulmonate dauert.<\/h5>\n<h5><strong style=\"color: #ff6600;\"><a style=\"color: #ff6600;\" href=\"https:\/\/worm-sawosskaja.de\/klavierstudio\/Bewerbungsformular\/\">Bewerbungsformular<\/a><\/strong><\/h5>\n<p>Bitte reichen Sie das Bewerbungsformular ein, um den Probeunterricht produktiv gestalten zu k\u00f6nnen.<\/p>\n","protected":false},"excerpt":{"rendered":"<p>Die Aufnahme zum Klavierunterricht ist w\u00e4hrend des gesamten Schuljahres m\u00f6glich. Das Aufnahmeverfahren f\u00fcr Kinder und Erwachsene besteht aus zwei Stufen: 1. ein kostenpflichtiger Probeunterricht 30&#8230;<\/p>\n","protected":false},"author":1,"featured_media":0,"parent":0,"menu_order":0,"comment_status":"closed","ping_status":"closed","template":"","meta":{"footnotes":""},"class_list":["post-2753","page","type-page","status-publish","hentry"],"_links":{"self":[{"href":"https:\/\/worm-sawosskaja.de\/klavierstudio\/wp-json\/wp\/v2\/pages\/2753","targetHints":{"allow":["GET"]}}],"collection":[{"href":"https:\/\/worm-sawosskaja.de\/klavierstudio\/wp-json\/wp\/v2\/pages"}],"about":[{"href":"https:\/\/worm-sawosskaja.de\/klavierstudio\/wp-json\/wp\/v2\/types\/page"}],"author":[{"embeddable":true,"href":"https:\/\/worm-sawosskaja.de\/klavierstudio\/wp-json\/wp\/v2\/users\/1"}],"replies":[{"embeddable":true,"href":"https:\/\/worm-sawosskaja.de\/klavierstudio\/wp-json\/wp\/v2\/comments?post=2753"}],"version-history":[{"count":7,"href":"https:\/\/worm-sawosskaja.de\/klavierstudio\/wp-json\/wp\/v2\/pages\/2753\/revisions"}],"predecessor-version":[{"id":7692,"href":"https:\/\/worm-sawosskaja.de\/klavierstudio\/wp-json\/wp\/v2\/pages\/2753\/revisions\/7692"}],"wp:attachment":[{"href":"https:\/\/worm-sawosskaja.de\/klavierstudio\/wp-json\/wp\/v2\/media?parent=2753"}],"curies":[{"name":"wp","href":"https:\/\/api.w.org\/{rel}","templated":true}]}}