{"id":2908,"date":"2016-08-11T16:17:23","date_gmt":"2016-08-11T14:17:23","guid":{"rendered":"https:\/\/worm-sawosskaja.de\/klavierstudio\/?page_id=2908"},"modified":"2026-04-10T12:44:53","modified_gmt":"2026-04-10T10:44:53","slug":"konzerte","status":"publish","type":"page","link":"https:\/\/worm-sawosskaja.de\/klavierstudio\/konzerte\/","title":{"rendered":"Konzerte"},"content":{"rendered":"\t\t<div data-elementor-type=\"wp-page\" data-elementor-id=\"2908\" class=\"elementor elementor-2908\">\n\t\t\t\t\t\t<section class=\"elementor-section elementor-top-section elementor-element elementor-element-30f568f1 elementor-section-boxed elementor-section-height-default elementor-section-height-default\" data-id=\"30f568f1\" data-element_type=\"section\" data-e-type=\"section\">\n\t\t\t\t\t\t<div class=\"elementor-container elementor-column-gap-default\">\n\t\t\t\t\t<div class=\"elementor-column elementor-col-100 elementor-top-column elementor-element elementor-element-126b3c77\" data-id=\"126b3c77\" data-element_type=\"column\" data-e-type=\"column\">\n\t\t\t<div class=\"elementor-widget-wrap elementor-element-populated\">\n\t\t\t\t\t\t<div class=\"elementor-element elementor-element-3b8c1a2a elementor-widget elementor-widget-text-editor\" data-id=\"3b8c1a2a\" data-element_type=\"widget\" data-e-type=\"widget\" data-widget_type=\"text-editor.default\">\n\t\t\t\t<div class=\"elementor-widget-container\">\n\t\t\t\t\t\t\t\t\t<h3>Samstag, 18.07.2026 17:00 Uhr<\/h3><h3>Preistr\u00e4gerkonzert<\/h3><h3>Palais Hirsch Schwetzingen, am Schlossplatz 2<\/h3><p>Erfolgreiche Preistr\u00e4gerinnen und Preistr\u00e4ger nationaler und internationaler Klavierwettbewerbe pr\u00e4sentieren dem Publikum ein anspruchsvolles Programm mit Klavierwerke von J.S. Bach, F. Chopin, F. Liszt, M.Moszkowskij, S.Rachmaninow\u00a0 u.a.<\/p><p>Eintritt: 20,00 \u20ac \/ 10,00 \u20ac Sch\u00fcler, Studenten, Schwerbehinderte<\/p><p>Fl\u00fcchtlinge und Inhaber des Kulturpasses: frei<\/p><p>Kartenreservierung: <br \/>t.worm-sawosskaja@web.de oder telefonisch: 0172-7507439, gerne per WhatsApp.<\/p><p>Einlass: ab 16:30 Uhr<\/p>\t\t\t\t\t\t\t\t<\/div>\n\t\t\t\t<\/div>\n\t\t\t\t\t<\/div>\n\t\t<\/div>\n\t\t\t\t\t<\/div>\n\t\t<\/section>\n\t\t\t\t<\/div>\n\t\t","protected":false},"excerpt":{"rendered":"<p>Samstag, 18.07.2026 17:00 Uhr Preistr\u00e4gerkonzert Palais Hirsch Schwetzingen, am Schlossplatz 2 Erfolgreiche Preistr\u00e4gerinnen und Preistr\u00e4ger nationaler und internationaler Klavierwettbewerbe pr\u00e4sentieren dem Publikum ein anspruchsvolles Programm&#8230;<\/p>\n","protected":false},"author":1,"featured_media":0,"parent":0,"menu_order":0,"comment_status":"closed","ping_status":"closed","template":"","meta":{"footnotes":""},"class_list":["post-2908","page","type-page","status-publish","hentry"],"_links":{"self":[{"href":"https:\/\/worm-sawosskaja.de\/klavierstudio\/wp-json\/wp\/v2\/pages\/2908","targetHints":{"allow":["GET"]}}],"collection":[{"href":"https:\/\/worm-sawosskaja.de\/klavierstudio\/wp-json\/wp\/v2\/pages"}],"about":[{"href":"https:\/\/worm-sawosskaja.de\/klavierstudio\/wp-json\/wp\/v2\/types\/page"}],"author":[{"embeddable":true,"href":"https:\/\/worm-sawosskaja.de\/klavierstudio\/wp-json\/wp\/v2\/users\/1"}],"replies":[{"embeddable":true,"href":"https:\/\/worm-sawosskaja.de\/klavierstudio\/wp-json\/wp\/v2\/comments?post=2908"}],"version-history":[{"count":82,"href":"https:\/\/worm-sawosskaja.de\/klavierstudio\/wp-json\/wp\/v2\/pages\/2908\/revisions"}],"predecessor-version":[{"id":7959,"href":"https:\/\/worm-sawosskaja.de\/klavierstudio\/wp-json\/wp\/v2\/pages\/2908\/revisions\/7959"}],"wp:attachment":[{"href":"https:\/\/worm-sawosskaja.de\/klavierstudio\/wp-json\/wp\/v2\/media?parent=2908"}],"curies":[{"name":"wp","href":"https:\/\/api.w.org\/{rel}","templated":true}]}}