{"id":3422,"date":"2021-02-14T13:43:02","date_gmt":"2021-02-14T12:43:02","guid":{"rendered":"https:\/\/worm-sawosskaja.de\/klavierstudio\/?page_id=3422"},"modified":"2023-04-17T13:45:35","modified_gmt":"2023-04-17T11:45:35","slug":"bewerbungsformular","status":"publish","type":"page","link":"https:\/\/worm-sawosskaja.de\/klavierstudio\/bewerbungsformular\/","title":{"rendered":"Bewerbungsformular f\u00fcr den Probeunterricht"},"content":{"rendered":"<p>Ihre Daten werden nicht an Dritte weiter gegeben. Sie dienen ausdr\u00fccklich nur dazu, einen besseren Eindruck \u00fcber den Stand der evtl. bisher erworbenen Kenntnisse erhalten zu k\u00f6nnen.<\/p>\n[formidable id=&#8220;2&#8243;]\n","protected":false},"excerpt":{"rendered":"<p>Ihre Daten werden nicht an Dritte weiter gegeben. Sie dienen ausdr\u00fccklich nur dazu, einen besseren Eindruck \u00fcber den Stand der evtl. bisher erworbenen Kenntnisse erhalten&#8230;<\/p>\n","protected":false},"author":1,"featured_media":0,"parent":0,"menu_order":0,"comment_status":"closed","ping_status":"closed","template":"","meta":{"footnotes":""},"class_list":["post-3422","page","type-page","status-publish","hentry"],"_links":{"self":[{"href":"https:\/\/worm-sawosskaja.de\/klavierstudio\/wp-json\/wp\/v2\/pages\/3422","targetHints":{"allow":["GET"]}}],"collection":[{"href":"https:\/\/worm-sawosskaja.de\/klavierstudio\/wp-json\/wp\/v2\/pages"}],"about":[{"href":"https:\/\/worm-sawosskaja.de\/klavierstudio\/wp-json\/wp\/v2\/types\/page"}],"author":[{"embeddable":true,"href":"https:\/\/worm-sawosskaja.de\/klavierstudio\/wp-json\/wp\/v2\/users\/1"}],"replies":[{"embeddable":true,"href":"https:\/\/worm-sawosskaja.de\/klavierstudio\/wp-json\/wp\/v2\/comments?post=3422"}],"version-history":[{"count":1,"href":"https:\/\/worm-sawosskaja.de\/klavierstudio\/wp-json\/wp\/v2\/pages\/3422\/revisions"}],"predecessor-version":[{"id":4488,"href":"https:\/\/worm-sawosskaja.de\/klavierstudio\/wp-json\/wp\/v2\/pages\/3422\/revisions\/4488"}],"wp:attachment":[{"href":"https:\/\/worm-sawosskaja.de\/klavierstudio\/wp-json\/wp\/v2\/media?parent=3422"}],"curies":[{"name":"wp","href":"https:\/\/api.w.org\/{rel}","templated":true}]}}