{"id":3696,"date":"2021-12-15T19:06:47","date_gmt":"2021-12-15T18:06:47","guid":{"rendered":"https:\/\/worm-sawosskaja.de\/klavierstudio\/?page_id=3696"},"modified":"2024-03-29T14:40:49","modified_gmt":"2024-03-29T13:40:49","slug":"stellenausschreibung","status":"publish","type":"page","link":"https:\/\/worm-sawosskaja.de\/klavierstudio\/stellenausschreibung\/","title":{"rendered":"Klavierlehrer\/in gesucht"},"content":{"rendered":"\n<p><\/p>\n\n\n\n<p>Wir sind auf der Suche nach einer\/einem talentierten und engagierten Klavierlehrer\/in, der\/die Freude hat, begabte Kinder und Jugendliche zu unterrichten.<\/p>\n\n\n\n<p>Arbeitstage: zwei mal w\u00f6chentlich, nach Wunsch auch mehr.<\/p>\n\n\n\n<p>Verg\u00fctung: Honorarbasis<\/p>\n\n\n\n<p>Unterricht: Nach Methoden der Russischen Klavierschule.                                          Fokus auf musikalische und pianistische Entwicklung sowie individuelle F\u00f6rderung unserer Sch\u00fclerinnen und Sch\u00fcler.<\/p>\n\n\n\n<p>Anforderungen:<\/p>\n\n\n\n<p>-Ein abgeschlossenes Studium im Hauptfach Klavier <\/p>\n\n\n\n<p>-Wir freuen uns auch \u00fcber Bewerbungen von Studenten in den letzten Studienjahren.<\/p>\n\n\n\n<p>-B\u00fchnenerfahrung und ausgezeichnete Kenntnisse im Klavierrepertoire <\/p>\n\n\n\n<p>-P\u00e4dagogisches Geschick und Einf\u00fchlungsverm\u00f6gen im Umgang mit jungen Talenten.<\/p>\n\n\n\n<p>-F\u00e4higkeit, Sch\u00fcler\/innen individuell zu f\u00f6rdern und zu motivieren.<\/p>\n\n\n\n<p>-Gute Kommunikationsf\u00e4higkeiten<br><\/p>\n\n\n\n<p>Bitte senden Sie Ihre Bewerbungen per Post oder E-Mail an die Leiterin des Klavierstudios, Tatjana Worm-Sawosskaja, unter folgender Adresse:<\/p>\n\n\n\n<p>P\u00e1pa-Str. 41   D-68723 Schwetzingen<\/p>\n\n\n\n<p>oder E-Mail: t.worm-sawosskaja@web.de<\/p>\n\n\n\n<p>Bei Fragen steht Ihnen Tatjana Worm-Sawosskaja gerne zur Verf\u00fcgung. <\/p>\n\n\n\n<p>Sie erreichen sie unter der folgenden Handy-Nummer: 0172-7507439.<\/p>\n\n\n\n<p>Wir freuen uns auf Ihre Bewerbungen!<\/p>\n\n\n\n<p><\/p>\n\n\n\n<p><\/p>\n","protected":false},"excerpt":{"rendered":"<p>Wir sind auf der Suche nach einer\/einem talentierten und engagierten Klavierlehrer\/in, der\/die Freude hat, begabte Kinder und Jugendliche zu unterrichten. Arbeitstage: zwei mal w\u00f6chentlich, nach&#8230;<\/p>\n","protected":false},"author":1,"featured_media":0,"parent":0,"menu_order":0,"comment_status":"closed","ping_status":"closed","template":"","meta":{"footnotes":""},"class_list":["post-3696","page","type-page","status-publish","hentry"],"_links":{"self":[{"href":"https:\/\/worm-sawosskaja.de\/klavierstudio\/wp-json\/wp\/v2\/pages\/3696","targetHints":{"allow":["GET"]}}],"collection":[{"href":"https:\/\/worm-sawosskaja.de\/klavierstudio\/wp-json\/wp\/v2\/pages"}],"about":[{"href":"https:\/\/worm-sawosskaja.de\/klavierstudio\/wp-json\/wp\/v2\/types\/page"}],"author":[{"embeddable":true,"href":"https:\/\/worm-sawosskaja.de\/klavierstudio\/wp-json\/wp\/v2\/users\/1"}],"replies":[{"embeddable":true,"href":"https:\/\/worm-sawosskaja.de\/klavierstudio\/wp-json\/wp\/v2\/comments?post=3696"}],"version-history":[{"count":5,"href":"https:\/\/worm-sawosskaja.de\/klavierstudio\/wp-json\/wp\/v2\/pages\/3696\/revisions"}],"predecessor-version":[{"id":5962,"href":"https:\/\/worm-sawosskaja.de\/klavierstudio\/wp-json\/wp\/v2\/pages\/3696\/revisions\/5962"}],"wp:attachment":[{"href":"https:\/\/worm-sawosskaja.de\/klavierstudio\/wp-json\/wp\/v2\/media?parent=3696"}],"curies":[{"name":"wp","href":"https:\/\/api.w.org\/{rel}","templated":true}]}}