{"id":4512,"date":"2023-04-17T14:50:22","date_gmt":"2023-04-17T12:50:22","guid":{"rendered":"https:\/\/worm-sawosskaja.de\/klavierstudio\/?page_id=4512"},"modified":"2024-10-31T20:50:51","modified_gmt":"2024-10-31T19:50:51","slug":"kompositionskurs","status":"publish","type":"page","link":"https:\/\/worm-sawosskaja.de\/klavierstudio\/kompositionskurs\/","title":{"rendered":"Kompositionskurs"},"content":{"rendered":"\t\t<div data-elementor-type=\"wp-page\" data-elementor-id=\"4512\" class=\"elementor elementor-4512\">\n\t\t\t\t\t\t<section class=\"elementor-section elementor-top-section elementor-element elementor-element-53cef4b3 elementor-section-boxed elementor-section-height-default elementor-section-height-default\" data-id=\"53cef4b3\" data-element_type=\"section\" data-e-type=\"section\">\n\t\t\t\t\t\t<div class=\"elementor-container elementor-column-gap-default\">\n\t\t\t\t\t<div class=\"elementor-column elementor-col-100 elementor-top-column elementor-element elementor-element-42dbd99c\" data-id=\"42dbd99c\" data-element_type=\"column\" data-e-type=\"column\">\n\t\t\t<div class=\"elementor-widget-wrap elementor-element-populated\">\n\t\t\t\t\t\t<div class=\"elementor-element elementor-element-5f543af3 elementor-widget elementor-widget-text-editor\" data-id=\"5f543af3\" data-element_type=\"widget\" data-e-type=\"widget\" data-widget_type=\"text-editor.default\">\n\t\t\t\t<div class=\"elementor-widget-container\">\n\t\t\t\t\t\t\t\t\t<div><div><p><strong><span style=\"font-size: 16px;\"><img fetchpriority=\"high\" decoding=\"async\" class=\"alignnone size-medium wp-image-2943\" src=\"https:\/\/worm-sawosskaja.de\/klavierstudio\/wp-content\/themes\/maktub\/assets\/images\/transparent.gif\" data-lazy=\"true\" data-src=\"https:\/\/worm-sawosskaja.de\/klavierstudio\/wp-content\/uploads\/2017\/11\/Foto_Pinosova-1-200x300.jpg\" alt=\"\" width=\"200\" height=\"300\" data-srcset=\"https:\/\/worm-sawosskaja.de\/klavierstudio\/wp-content\/uploads\/2017\/11\/Foto_Pinosova-1-200x300.jpg 200w, https:\/\/worm-sawosskaja.de\/klavierstudio\/wp-content\/uploads\/2017\/11\/Foto_Pinosova-1-683x1024.jpg 683w, https:\/\/worm-sawosskaja.de\/klavierstudio\/wp-content\/uploads\/2017\/11\/Foto_Pinosova-1-768x1152.jpg 768w, https:\/\/worm-sawosskaja.de\/klavierstudio\/wp-content\/uploads\/2017\/11\/Foto_Pinosova-1-1024x1536.jpg 1024w, https:\/\/worm-sawosskaja.de\/klavierstudio\/wp-content\/uploads\/2017\/11\/Foto_Pinosova-1-1365x2048.jpg 1365w, https:\/\/worm-sawosskaja.de\/klavierstudio\/wp-content\/uploads\/2017\/11\/Foto_Pinosova-1.jpg 1704w\" data-sizes=\"(max-width: 200px) 100vw, 200px\" \/><\/span><\/strong><\/p><p><strong><span style=\"font-size: 16px;\">Kate\u0159ina Pi\u0148osov\u00e1-R\u016f\u017ei\u010dkov\u00e1, eine renommierte tschechische Komponistin, bietet mit ihrem Kompositionskurs eine einzigartige Gelegenheit f\u00fcr all jene, die gerne am Klavier improvisieren und ihre eigene Musik gestalten m\u00f6chten.\u00a0<\/span><\/strong><\/p><p><span style=\"color: var( --e-global-color-text ); letter-spacing: 0.6px;\">Sie unterrichtet nach einer besonderen Methode, die im Jahr 1981 vom tschechischen Schulministerium verabschiedet wurde und seitdem erfolgreich an staatlichen Musikschulen in Tschechien unterrichtet wird.<\/span><\/p><p><span style=\"color: var( --e-global-color-text ); letter-spacing: 0.6px;\">Ihre Sch\u00fclerin Matilda Getto (auf dem Bild) gewann bereits nach einem Jahr Kompositionsunterricht den 1. Preis und den Goldenen Preis f\u00fcr ihre Komposition &#8222;Theoretische Frage&#8220; beim internationalen Kompositionswettbewerb in Litomerice, Tschechien, sowie den 2. Preis beim Klavierwettbewerb &#8222;Clara Schumann&#8220; in Karlsruhe. Beim Song Contest &#8222;Dein Song f\u00fcr EINE WELT&#8220; in Berlin hat es Matildas Lied unter die Top 20 Finalisten geschafft. Es wurde nun professionell aufgenommen und im Rahmen eines EINE WELT-Albums ver\u00f6ffentlicht!<\/span><\/p><p><span style=\"color: var( --e-global-color-text ); letter-spacing: 0.6px;\">Der Kompositionskurs ist geeignet f\u00fcr Kinder ab 10 Jahren mit Notenkenntnissen sowie f\u00fcr Jugendliche und Erwachsene, die \u00fcber mindestens drei Jahre Erfahrung im Klavierunterricht haben.<\/span><\/p><p><span style=\"color: var( --e-global-color-text ); letter-spacing: 0.6px;\">Der Kompositionsunterricht umfasst:<\/span><\/p><p><span style=\"color: var( --e-global-color-text ); letter-spacing: 0.6px;\">\u2022 individuelle F\u00f6rderung der Kreativit\u00e4t, der Phantasie und des musikalischen Denkens.<\/span><\/p><\/div><\/div><p><span style=\"color: var( --e-global-color-text ); letter-spacing: 0.6px;\">\u2022 Erstellung eigener Kompositionen: von der Begleitung und Bearbeitung von Liedern bis zur Sch\u00f6pfung eigener St\u00fccke f\u00fcr Soloinstrumente oder Kammermusikbesetzungen (Duo, Trio).<\/span><\/p><p><span style=\"color: var( --e-global-color-text ); letter-spacing: 0.6px;\">\u2022 Vertiefung der Kenntnisse in Musiktheorie und Harmonielehre durch die Praxis.<\/span><\/p><p><span style=\"color: var( --e-global-color-text ); letter-spacing: 0.6px;\">Die Urauff\u00fchrung der Kompositionen findet regelm\u00e4\u00dfig bei Sch\u00fclerkonzerten des Klavierstudios im Palais Hirsch Schwetzingen statt.<\/span><\/p><p><span style=\"color: var( --e-global-color-text ); letter-spacing: 0.6px;\">Eine Aufnahme zum Unterricht ist jederzeit m\u00f6glich.<\/span><\/p><p><span style=\"color: var( --e-global-color-text ); letter-spacing: 0.6px;\">Gerne k\u00f6nnen Sie einen kostenpflichtigen Probeunterricht vereinbaren:<\/span><\/p><p><span style=\"color: var( --e-global-color-text ); letter-spacing: 0.6px;\">30 Min.- 40,00 \u20ac<\/span><\/p><p><span style=\"color: var( --e-global-color-text ); letter-spacing: 0.6px;\">oder<\/span><\/p><p>45 Min.- 60,00 \u20ac<\/p><p><span style=\"color: var( --e-global-color-text ); letter-spacing: 0.6px;\">Der Kompositionsunterricht findet ein mal w\u00f6chentlich als Einzelunterricht mit der Dauer von 45 Minuten statt.\u00a0<\/span><\/p><p><span style=\"color: var( --e-global-color-text ); letter-spacing: 0.6px;\">Monatliches Unterrichtshonorar: 180,00 \u20ac.\u00a0<\/span><span style=\"color: var( --e-global-color-text ); letter-spacing: 0.6px;\">Probezeit: zwei Schulmonate.<\/span><\/p><p><span style=\"color: var( --e-global-color-text ); letter-spacing: 0.6px;\">Die K\u00fcndigungsfrist betr\u00e4gt zwei Monate zum Semesterende am Ende Februar oder zum 31.August.<\/span><\/p><p><span style=\"color: var( --e-global-color-text ); letter-spacing: 0.6px;\">Anmeldung unter: e-mail:\u00a0t.worm-sawosskaja@web.de<\/span><\/p><p><span style=\"color: var( --e-global-color-text ); letter-spacing: 0.6px;\">Festnetz: 06202-271186 oder Handy bzw. WhatsApp: 0172-7507439<\/span><\/p><p><a style=\"letter-spacing: 0.6px;\" href=\"https:\/\/www.youtube.com\/watch?v=xcIMXX7IxFQ\"><strong>Matilda Getto, Sch\u00fclerin von Frau Pi\u0148osov\u00e1-R\u016f\u017ei\u010dkov\u00e1\u00a0<\/strong><\/a><\/p><p><a href=\"https:\/\/www.youtube.com\/watch?v=IZVR92LL_So\">https:\/\/www.youtube.com\/watch?v=IZVR92LL_S<\/a><\/p><p><a style=\"letter-spacing: 0.6px;\" href=\"https:\/\/www.youtube.com\/watch?v=G1SzSAf7knk\">https:\/\/www.youtube.com\/watch?v=G1SzSAf7knk<\/a><\/p><p><a href=\"https:\/\/www.youtube.com\/watch?v=6IccWKYq2gQ\">https:\/\/www.youtube.com\/watch?v=6IccWKYq2gQ<\/a><\/p><p><a href=\"https:\/\/www.youtube.com\/watch?v=FMv7PhmEQTQ\">https:\/\/www.youtube.com\/watch?v=FMv7PhmEQTQ<\/a><\/p>\t\t\t\t\t\t\t\t<\/div>\n\t\t\t\t<\/div>\n\t\t\t\t\t<\/div>\n\t\t<\/div>\n\t\t\t\t\t<\/div>\n\t\t<\/section>\n\t\t\t\t<\/div>\n\t\t","protected":false},"excerpt":{"rendered":"<p>Kate\u0159ina Pi\u0148osov\u00e1-R\u016f\u017ei\u010dkov\u00e1, eine renommierte tschechische Komponistin, bietet mit ihrem Kompositionskurs eine einzigartige Gelegenheit f\u00fcr all jene, die gerne am Klavier improvisieren und ihre eigene Musik&#8230;<\/p>\n","protected":false},"author":1,"featured_media":3690,"parent":0,"menu_order":0,"comment_status":"closed","ping_status":"closed","template":"","meta":{"footnotes":"[]"},"class_list":["post-4512","page","type-page","status-publish","has-post-thumbnail","hentry"],"_links":{"self":[{"href":"https:\/\/worm-sawosskaja.de\/klavierstudio\/wp-json\/wp\/v2\/pages\/4512","targetHints":{"allow":["GET"]}}],"collection":[{"href":"https:\/\/worm-sawosskaja.de\/klavierstudio\/wp-json\/wp\/v2\/pages"}],"about":[{"href":"https:\/\/worm-sawosskaja.de\/klavierstudio\/wp-json\/wp\/v2\/types\/page"}],"author":[{"embeddable":true,"href":"https:\/\/worm-sawosskaja.de\/klavierstudio\/wp-json\/wp\/v2\/users\/1"}],"replies":[{"embeddable":true,"href":"https:\/\/worm-sawosskaja.de\/klavierstudio\/wp-json\/wp\/v2\/comments?post=4512"}],"version-history":[{"count":62,"href":"https:\/\/worm-sawosskaja.de\/klavierstudio\/wp-json\/wp\/v2\/pages\/4512\/revisions"}],"predecessor-version":[{"id":7128,"href":"https:\/\/worm-sawosskaja.de\/klavierstudio\/wp-json\/wp\/v2\/pages\/4512\/revisions\/7128"}],"wp:featuredmedia":[{"embeddable":true,"href":"https:\/\/worm-sawosskaja.de\/klavierstudio\/wp-json\/wp\/v2\/media\/3690"}],"wp:attachment":[{"href":"https:\/\/worm-sawosskaja.de\/klavierstudio\/wp-json\/wp\/v2\/media?parent=4512"}],"curies":[{"name":"wp","href":"https:\/\/api.w.org\/{rel}","templated":true}]}}