{"id":5254,"date":"2024-01-10T20:54:23","date_gmt":"2024-01-10T19:54:23","guid":{"rendered":"https:\/\/worm-sawosskaja.de\/klavierstudio\/?page_id=5254"},"modified":"2025-04-16T16:05:02","modified_gmt":"2025-04-16T14:05:02","slug":"preistraegerschaft","status":"publish","type":"page","link":"https:\/\/worm-sawosskaja.de\/klavierstudio\/preistraegerschaft\/","title":{"rendered":"Preistr\u00e4gerschaft"},"content":{"rendered":"\t\t<div data-elementor-type=\"wp-page\" data-elementor-id=\"5254\" class=\"elementor elementor-5254\">\n\t\t\t\t\t\t<section class=\"elementor-section elementor-top-section elementor-element elementor-element-1c956026 elementor-section-boxed elementor-section-height-default elementor-section-height-default\" data-id=\"1c956026\" data-element_type=\"section\" data-e-type=\"section\">\n\t\t\t\t\t\t<div class=\"elementor-container elementor-column-gap-default\">\n\t\t\t\t\t<div class=\"elementor-column elementor-col-100 elementor-top-column elementor-element elementor-element-198d51ef\" data-id=\"198d51ef\" data-element_type=\"column\" data-e-type=\"column\">\n\t\t\t<div class=\"elementor-widget-wrap elementor-element-populated\">\n\t\t\t\t\t\t<div class=\"elementor-element elementor-element-6c720993 elementor-widget elementor-widget-text-editor\" data-id=\"6c720993\" data-element_type=\"widget\" data-e-type=\"widget\" data-widget_type=\"text-editor.default\">\n\t\t\t\t<div class=\"elementor-widget-container\">\n\t\t\t\t\t\t\t\t\t<p class=\"has-text-align-left\"><strong>Mehrere hundert Auszeichnungen der\u00a0 Sch\u00fclerinnen und Sch\u00fcler als erfolgreiche Preistr\u00e4gerinnen und Preistr\u00e4ger bei Wettbewerben:<\/strong><\/p>\n<p><!-- \/wp:paragraph --><!-- wp:paragraph --><\/p>\n<p>\u201eJugend musiziert\u201c<\/p>\n<p>Jugendwettbewerb des Tonk\u00fcnstlerverbandes Baden-W\u00fcrttemberg in Stuttgart<\/p>\n<p>Badener-Klavieret\u00fcden-Wettbewerb in St. Georgen<\/p>\n<p>Barbara-Heller-Klavierwettbewerb Piano Podium e.V. Karlsruhe<\/p>\n<p>Ursula-Euteneuer-Rohrer-Klavierwettbewerb beim Piano-Podium\u00a0 Karlsruhe\u00a0<\/p>\n<p>Hibiki-Mukai-Klavierwettbewerb beim Piano-Podium Karlsruhe<\/p>\n<p>Clara Schumann &#8211; Klavierwettbewerb beim Piano-Podium Karlsruhe<\/p>\n<p>&#8222;Freu(n)de am Klavier\u201c\u00a0-Klavierwettbewerb beim Piano-Podium Karlsruhe<\/p>\n<p>Andreas-Kunle-Klavierwettbewerb beim Piano-Podium Karlsruhe<\/p>\n<p>Das M\u00fcnchner Klavierpodium der Jugend<\/p>\n<p>Mendelssohn-Wettbewerb in Frankfurt am Main<\/p>\n<p>Internationalen Reinhold-Gli\u00e8re-Klavierwettbewerb in St. Georgen<\/p>\n<p>International Music Competition Grand Prize Virtuoso in Salzburg<\/p>\n<p>Internationalen Amadeus-Wettbewerb in Brno, Tschechien\u00a0<\/p>\n<p>Pittsburg International Piano Competition<\/p>\n<p>Bitburger Klavierwettbewerb<\/p>\n<p>J.S.Bach-Wettbewerb in K\u00f6then<\/p>\n<p>Kompositionswettbewerb in Litomerice, Tschechien<\/p>\n<p>International Music Competition \u201eGrand Prize Virtuoso London\u201c<\/p>\n<p>International Music Competition \u201eGrand Prize Virtuoso Paris\u201c\u2028<br \/>Internationaler Wettbewerb \u201eMusik Talente \u201c Limburg \/Lahn\u2028<br \/>International Music Competition \u201eLittle Mozart\u201c New York<\/p>\n<p>International Music Competition in Sarajevo<\/p>\n<p>International Piano Competition in Barcelona<\/p>\n<p>Quebec International Music Competition<\/p>\n<p>International Piano Festival Clavis in St. Petersburg<\/p>\n<p>North International Music Competition in Stockholm<\/p>\n<p>International Music Competition in Athen<\/p>\n<p>International Music Competition \u201eGrand Prize Virtuoso\u201c in Salzburg\u2028<br \/>Windsor International Piano Competition London\u2028<br \/>International Piano Festival Clavis Bavaria in\u00a0 M\u00fcnchen<\/p>\n<p>Malta International Music Competition<\/p>\n<p>Golden Classical Music Award\u201c International Competition in New York<\/p>\n<p>International Music Competition Berlin<\/p>\n<p>International Piano Festival &amp; Competition, Recanati, Italien<\/p>\n<p>International Music Competition Tallinn<\/p>\n<p>Music and Stars Awards\u00a0 Tallinn<\/p>\n<p>International Music Competition\u201c in Budapest\u00a0<\/p>\n<p>Crescendo International Music Competition \u201eLittle Mozart\u201c in New York\u00a0<\/p>\n<p>London Young Musician International Competition<\/p>\n<p>Rocky Mountain Music Winter Festival in Toronto<\/p>\n<p>Franz Liszt Center International Piano Competition in\u00a0La Nucia<\/p>\n<p>Grand Prize Virtuoso London<\/p>\n<p>International Youth Music Competition in Atlanta<\/p>\n<p>Concorso Internazionale Citt\u00e1 di Massa in Massa, Italien<\/p>\n<p>Great Composers International Music Competition London\u00a0<\/p>\n<p>London Young Musician International Competition Award<\/p>\n<p>Grand Metropolitan International Music Competition in Montreal<br \/>ISCART International Music Competition in Lugano<\/p>\n<p>International Piano Competition Maria Herrero in Granada\u00a0<\/p>\n<p>Vienna Virtuoso International Music Competition<\/p>\n<p>International Music Competition E-contest in Hong Kong<\/p>\n<p>Internationaler Kompositionswettbewerb in Luxemburg<\/p>\n<p>XVII Internationaler Klavierwettbewerb in Treviso, Italien<\/p>\n<p>Song Contest \u201eDein Song f\u00fcr EINE Welt\u201c Berlin<\/p>\n<p><!-- \/wp:paragraph --><\/p>\t\t\t\t\t\t\t\t<\/div>\n\t\t\t\t<\/div>\n\t\t\t\t\t<\/div>\n\t\t<\/div>\n\t\t\t\t\t<\/div>\n\t\t<\/section>\n\t\t\t\t<\/div>\n\t\t","protected":false},"excerpt":{"rendered":"<p>Mehrere hundert Auszeichnungen der\u00a0 Sch\u00fclerinnen und Sch\u00fcler als erfolgreiche Preistr\u00e4gerinnen und Preistr\u00e4ger bei Wettbewerben: \u201eJugend musiziert\u201c Jugendwettbewerb des Tonk\u00fcnstlerverbandes Baden-W\u00fcrttemberg in Stuttgart Badener-Klavieret\u00fcden-Wettbewerb in St&#8230;.<\/p>\n","protected":false},"author":1,"featured_media":0,"parent":0,"menu_order":0,"comment_status":"closed","ping_status":"closed","template":"","meta":{"footnotes":""},"class_list":["post-5254","page","type-page","status-publish","hentry"],"_links":{"self":[{"href":"https:\/\/worm-sawosskaja.de\/klavierstudio\/wp-json\/wp\/v2\/pages\/5254","targetHints":{"allow":["GET"]}}],"collection":[{"href":"https:\/\/worm-sawosskaja.de\/klavierstudio\/wp-json\/wp\/v2\/pages"}],"about":[{"href":"https:\/\/worm-sawosskaja.de\/klavierstudio\/wp-json\/wp\/v2\/types\/page"}],"author":[{"embeddable":true,"href":"https:\/\/worm-sawosskaja.de\/klavierstudio\/wp-json\/wp\/v2\/users\/1"}],"replies":[{"embeddable":true,"href":"https:\/\/worm-sawosskaja.de\/klavierstudio\/wp-json\/wp\/v2\/comments?post=5254"}],"version-history":[{"count":29,"href":"https:\/\/worm-sawosskaja.de\/klavierstudio\/wp-json\/wp\/v2\/pages\/5254\/revisions"}],"predecessor-version":[{"id":7511,"href":"https:\/\/worm-sawosskaja.de\/klavierstudio\/wp-json\/wp\/v2\/pages\/5254\/revisions\/7511"}],"wp:attachment":[{"href":"https:\/\/worm-sawosskaja.de\/klavierstudio\/wp-json\/wp\/v2\/media?parent=5254"}],"curies":[{"name":"wp","href":"https:\/\/api.w.org\/{rel}","templated":true}]}}