{"id":2,"date":"2020-06-11T17:38:25","date_gmt":"2020-06-11T15:38:25","guid":{"rendered":"https:\/\/worm-sawosskaja.de\/konzertpianistin\/?page_id=2"},"modified":"2023-07-14T14:30:02","modified_gmt":"2023-07-14T12:30:02","slug":"biografie","status":"publish","type":"page","link":"https:\/\/worm-sawosskaja.de\/konzertpianistin\/biografie\/","title":{"rendered":"Biografie"},"content":{"rendered":"\t\t<div data-elementor-type=\"wp-page\" data-elementor-id=\"2\" class=\"elementor elementor-2\">\n\t\t\t\t\t\t\t\t\t<section class=\"elementor-section elementor-top-section elementor-element elementor-element-440b460 elementor-section-boxed elementor-section-height-default elementor-section-height-default\" data-id=\"440b460\" data-element_type=\"section\">\n\t\t\t\t\t\t<div class=\"elementor-container elementor-column-gap-default\">\n\t\t\t\t\t<div class=\"elementor-column elementor-col-33 elementor-top-column elementor-element elementor-element-27326bc\" data-id=\"27326bc\" data-element_type=\"column\">\n\t\t\t<div class=\"elementor-widget-wrap elementor-element-populated\">\n\t\t\t\t\t\t\t\t<div class=\"elementor-element elementor-element-8395217 elementor-widget elementor-widget-text-editor\" data-id=\"8395217\" data-element_type=\"widget\" data-widget_type=\"text-editor.default\">\n\t\t\t\t<div class=\"elementor-widget-container\">\n\t\t\t\t\t\t\t<h4>Tatjana Worm-Sawosskaja ist eine charismatische und von Eleganz gepr\u00e4gte Konzertpianistin, die es sich zur Aufgabe gemacht hat, die klassische Musik einem breiten Publikum zug\u00e4nglich zu machen.<\/h4><h4>Ihre musikalischen Interpretationen sind von einer tiefen Einf\u00fchlsamkeit und durch die Virtuosit\u00e4t als Solistin sowie Interpretin gepr\u00e4gt.<\/h4><h4>Sie f\u00fchrt eine intensive Konzertt\u00e4tigkeit im In- und Ausland aus und leistet mit ihren thematischen Konzerten im dreidimensionalen Format (Klaviermusik, Moderation und dazu passende Bildprojektionen) einen wesentlichen Beitrag dazu, klassische Musik f\u00fcr Zuh\u00f6rer jeden Alters verst\u00e4ndlich und zug\u00e4nglich zu machen. Dabei ist sie die erste und die einzige Pianistin, die auf diese Art und Weise ihre Konzerte gestaltet und somit eine neue \u00c4ra im Konzertleben einleitet.<\/h4><h4>\u201eKlassik f\u00fcr alle\u201c, \u201eKlassik an Gymnasien\u201c, \u201eOrient trifft Okzident\u201c, \u201eBernhard Simon, ein Schweizer Architekt, sein Weg von St. Petersburg zur\u00fcck in die Schweiz\u201c, \u201eWinterreise mal anders\u201c, \u201eRussische Weihnachten\u201c, \u201eFrauengeschichten\u201c, &#8222;Polichinelle &#8211; der Weg zu Rachmaninow&#8220;, \u201eOh lieb so lang Du lieben kannst\u201c, \u201eReise durch Europa\u201c, \u201eInstrumentale Musik gestern und heute\u201c und viele andere dreidimensionale Konzertreihen von Tatjana Worm-Sawosskaja werden erfolgreich unter ihrem pers\u00f6nlichen Motto durchgef\u00fchrt:<\/h4><h4><em>\u201eDie Musik ist die Sprache meiner Seele. Dieses kostbare Gut m\u00f6chte ich den Menschen vermitteln und ihre Herzen ber\u00fchren.\u201c<\/em><\/h4><h4>\u201e\u2026eine sensible K\u00fcnstlerin der Extraklasse f\u00fcr Ohr und Auge\u201c, \u201eVirtuosit\u00e4t des Klavierspiels\u201c, \u201cGlanzpianistin,\u201c- schw\u00e4rmt die Presse von ihr.<\/h4><h4>Konzerte in Frankreich, Liechtenstein, Deutschland und der Schweiz, Auftritte im Rundfunk und Fernsehen sowie im Europarat, bei den Generalkonsulaten der Republik Usbekistan und \u00c4gypten in Frankfurt am Main, beim Generalkonsulat der Russischen F\u00f6deration in Stra\u00dfburg, bei der Deutschen Bank, Commerzbank, Sparkasse, Su\u0308dwestmetall, Porsche, Daimler, BMW, Metropolregion Rhein-Neckar GmbH und bei vielen anderen renommierten Institutionen pr\u00e4gen ihre k\u00fcnstlerische Laufbahn.<\/h4><h4>Tatjana Worm-Sawosskaja ist eine Vertreterin der russischen Klavierschule.\u00a0\u00a0\u00a0\u00a0 \u00a0\u00a0\u00a0\u00a0\u00a0\u00a0\u00a0\u00a0\u00a0\u00a0\u00a0\u00a0\u00a0\u00a0<\/h4><h4>Sie wurde in Usbekistan geboren, als das Land Teil der UdSSR war und zum gro\u00dfen Imperium geh\u00f6rte, das der Welt so viele Spitzenmusiker bescherte.<\/h4><h4>Ihr erstes Studium im Hauptfach Klavier begann sie bereits im Alter von 14 Jahren an der Staatlichen Fachschule f\u00fcr Musik in ihrer Geburtsstadt Termes (Usbekistan, fr\u00fcher UdSSR) und schloss es mit Diplom mit Auszeichnung ab, als sie erst 18 Jahre alt war. (Abschluss in allen Studienf\u00e4chern mit der Note 1,0)<\/h4><h4>Anschlie\u00dfend folgte ein weiteres Studium im Hauptfach Klavier am renommierten Staatlichen Konservatorium in Taschkent (Hauptstadt von Usbekistan) in der Klasse der bekannten Pianistin und P\u00e4dagogin Frau Natalia Lebedeva, der Ururenkelin von Franz Liszt in der p\u00e4dagogischen Linie. Tatjana Worm-Sawosskaja schloss ihr Studium mit Diplom mit Auszeichnung als Konzertpianistin ab. (Abschluss in allen Studienf\u00e4chern mit der Note 1,0)<\/h4><h4>Das Aufbaustudium an der Staatlichen Hochschule f\u00fcr Musik in Mannheim bei Prof. Andreas Pistorius, Prof. Michael Hauber und Prof. Ulrich Eisenlohr absolvierte sie ebenfalls sehr erfolgreich.<\/h4><h4>Tatjana Worm-Sawosskaja ist die 1.Preistr\u00e4gerin beim Wolfgang-Hofmann-Wettbewerb\u00a0 und Stipendiatin der Richard-Wagner-Gesellschaft. Zudem wurde sie bereits zum zweiten Mal als Stipendiatin des Deutschen Musikrates ausgezeichnet.<\/h4><h4>Im Bereich der F\u00f6rderung des jungen talentierten pianistischen Nachwuchses hat Tatjana Worm-Sawosskaja schon ihre Vision mit gro\u00dfem Erfolg in Schwetzingen, der ber\u00fchmten Sommerresidenz des kunstsinnigen Kurf\u00fcrsten Karl Theodors, umgesetzt. In dieser Stadt \u201eder Muse\u201c leitet Tatjana Worm-Sawosskaja seit vielen Jahren das von ihr gegr\u00fcndete \u201eKlavierstudio f\u00fcr begabte Kinder und Jugendliche\u201c.<\/h4><h4>Dieses ist bundesweit die erste private Einrichtung zur F\u00f6rderung der jungen pianistischen Elite, die von hervorragenden Klavierp\u00e4dagogen und Konzertpianisten nach dem Stundenplan und den Methoden der russischen Klavierschule unterrichtet wird.<\/h4><h4>Die jungen Pianistinnen und Pianisten wurden in den Jahren viele hundert Male bei zahlreichen nationalen und internationalen Klavierwettbewerben als erfolgreiche Preistr\u00e4gerinnen und Preistr\u00e4ger ausgezeichnet. Sie erhielten Einladungen zum Konzertieren an renommierten Orten wie der Royal Albert Hall in London, der Carnegie Hall in New York, der Roy Thomson Hall in Toronto, dem Beethoven-Haus in Bonn und dem Mozarteum in Salzburg.<\/h4><h4>Zahlreiche Absolventinnen und Absolventen des Klavierstudios studieren derzeit an Musikhochschulen, w\u00e4hrend einige von ihnen als Lehrbeauftragte an Musikhochschulen, Musikschulen und Schulen t\u00e4tig sind.\u00a0<\/h4><h4>\u00a0<\/h4><p><a href=\"https:\/\/www.worm-sawosskaja.de\/klavierstudio\/\"><strong>Klavierstudio f\u00fcr begabte Kinder und Jugendliche<\/strong><\/a>\u00a0<\/p><h4 style=\"text-align: left;\"><em>\u00a0\u00dcber Schwetzingen, Paradies der Tonk\u00fcnstler:<\/em><\/h4><h4 style=\"text-align: left;\"><em>* \u201eMan sprach damals vom kurpf\u00e4lzischen Versailles mit Superlativen und nicht<\/em><br \/><em>selten von einem \u00b4Paradies f\u00fcr Tonk\u00fcnstler\u00b4.\u201c<\/em>\u00a0(Friedrich Heinrich Jakobi)<\/h4><h4 style=\"text-align: left;\"><em>\u201eWenn der Kurf\u00fcrst in Schwetzingen war und ihm sein vortreffliches<\/em><br \/><em>Orchester dahin folgte, w\u00e4hnte sich die Hofgesellschaft in eine Zauberinsel<\/em><br \/><em>versetzt, wo alles klang und sang. Aus dem Badehause ert\u00f6nte abends die<\/em><br \/><em>woll\u00fcstige Musik, ja aus allen Winkeln und H\u00fctten des kleinen Dorfs h\u00f6rte<\/em><br \/><em>man die magischen T\u00f6ne seiner Virtuosen.\u201c<\/em>\u00a0(Christian Friedrich Daniel Schubart)<\/h4>\t\t\t\t\t\t<\/div>\n\t\t\t\t<\/div>\n\t\t\t\t\t<\/div>\n\t\t<\/div>\n\t\t\t\t<div class=\"elementor-column elementor-col-66 elementor-top-column elementor-element elementor-element-87f8e7c\" data-id=\"87f8e7c\" data-element_type=\"column\">\n\t\t\t<div class=\"elementor-widget-wrap elementor-element-populated\">\n\t\t\t\t\t\t\t\t<div class=\"elementor-element elementor-element-ca3769e elementor-widget elementor-widget-image\" data-id=\"ca3769e\" data-element_type=\"widget\" data-widget_type=\"image.default\">\n\t\t\t\t<div class=\"elementor-widget-container\">\n\t\t\t\t\t\t\t\t\t\t\t\t\t\t\t<img fetchpriority=\"high\" decoding=\"async\" width=\"945\" height=\"1416\" src=\"https:\/\/worm-sawosskaja.de\/konzertpianistin\/wp-content\/uploads\/2020\/06\/Tatjana-Worm-Sawosskaja-5-1-1.jpg\" class=\"elementor-animation-shrink attachment-full size-full wp-image-249\" alt=\"\" srcset=\"https:\/\/worm-sawosskaja.de\/konzertpianistin\/wp-content\/uploads\/2020\/06\/Tatjana-Worm-Sawosskaja-5-1-1.jpg 945w, https:\/\/worm-sawosskaja.de\/konzertpianistin\/wp-content\/uploads\/2020\/06\/Tatjana-Worm-Sawosskaja-5-1-1-200x300.jpg 200w, https:\/\/worm-sawosskaja.de\/konzertpianistin\/wp-content\/uploads\/2020\/06\/Tatjana-Worm-Sawosskaja-5-1-1-683x1024.jpg 683w, https:\/\/worm-sawosskaja.de\/konzertpianistin\/wp-content\/uploads\/2020\/06\/Tatjana-Worm-Sawosskaja-5-1-1-768x1151.jpg 768w, https:\/\/worm-sawosskaja.de\/konzertpianistin\/wp-content\/uploads\/2020\/06\/Tatjana-Worm-Sawosskaja-5-1-1-750x1124.jpg 750w\" sizes=\"(max-width: 945px) 100vw, 945px\" \/>\t\t\t\t\t\t\t\t\t\t\t\t\t\t\t<\/div>\n\t\t\t\t<\/div>\n\t\t\t\t<div class=\"elementor-element elementor-element-7552f56 elementor-widget elementor-widget-text-editor\" data-id=\"7552f56\" data-element_type=\"widget\" data-widget_type=\"text-editor.default\">\n\t\t\t\t<div class=\"elementor-widget-container\">\n\t\t\t\t\t\t\t<h4 style=\"font-style: normal; font-variant-ligatures: normal; font-variant-caps: normal; font-family: Heebo, Helvetica, Arial, sans-serif; text-align: center;\"><span style=\"color: #808080;\"><em>\u201e\u2026Tatjana Worm-Sawosskaja ist eine charismatische und von Eleganz gepr\u00e4gte Konzertpianistin, die es sich zur Aufgabe gemacht hat,<\/em><em>\u00a0die klassische Musik einem breiten Publikum zug\u00e4nglich zu machen.\u201c<\/em><\/span><\/h4><h4 style=\"margin-bottom: 0px; font-style: normal; font-variant-ligatures: normal; font-variant-caps: normal; font-family: Heebo, Helvetica, Arial, sans-serif; text-align: center;\"><span style=\"color: #808080;\"><em>Petra Nabinger, Buchautorin<\/em><\/span><\/h4>\t\t\t\t\t\t<\/div>\n\t\t\t\t<\/div>\n\t\t\t\t<div class=\"elementor-element elementor-element-577ce7f elementor-widget elementor-widget-spacer\" data-id=\"577ce7f\" data-element_type=\"widget\" data-widget_type=\"spacer.default\">\n\t\t\t\t<div class=\"elementor-widget-container\">\n\t\t\t\t\t<div class=\"elementor-spacer\">\n\t\t\t<div class=\"elementor-spacer-inner\"><\/div>\n\t\t<\/div>\n\t\t\t\t<\/div>\n\t\t\t\t<\/div>\n\t\t\t\t<div class=\"elementor-element elementor-element-2ea86ad elementor-widget elementor-widget-video\" data-id=\"2ea86ad\" data-element_type=\"widget\" data-settings=\"{&quot;youtube_url&quot;:&quot;https:\\\/\\\/youtu.be\\\/y1XhYxoZhcw&quot;,&quot;video_type&quot;:&quot;youtube&quot;,&quot;controls&quot;:&quot;yes&quot;}\" data-widget_type=\"video.default\">\n\t\t\t\t<div class=\"elementor-widget-container\">\n\t\t\t\t\t<div class=\"elementor-wrapper elementor-open-inline\">\n\t\t\t<div class=\"elementor-video\"><\/div>\t\t<\/div>\n\t\t\t\t<\/div>\n\t\t\t\t<\/div>\n\t\t\t\t\t<\/div>\n\t\t<\/div>\n\t\t\t\t\t\t\t<\/div>\n\t\t<\/section>\n\t\t\t\t<section class=\"elementor-section elementor-top-section elementor-element elementor-element-d3b0be2 elementor-section-boxed elementor-section-height-default elementor-section-height-default\" data-id=\"d3b0be2\" data-element_type=\"section\">\n\t\t\t\t\t\t<div class=\"elementor-container elementor-column-gap-default\">\n\t\t\t\t\t<div class=\"elementor-column elementor-col-100 elementor-top-column elementor-element elementor-element-9877288\" data-id=\"9877288\" data-element_type=\"column\">\n\t\t\t<div class=\"elementor-widget-wrap\">\n\t\t\t\t\t\t\t\t\t<\/div>\n\t\t<\/div>\n\t\t\t\t\t\t\t<\/div>\n\t\t<\/section>\n\t\t\t\t\t\t\t<\/div>\n\t\t","protected":false},"excerpt":{"rendered":"<p>Tatjana Worm-Sawosskaja ist eine charismatische und von Eleganz gepr\u00e4gte Konzertpianistin, die es sich zur Aufgabe gemacht hat, die klassische Musik einem breiten Publikum zug\u00e4nglich zu machen. Ihre musikalischen Interpretationen sind von einer tiefen Einf\u00fchlsamkeit und durch die Virtuosit\u00e4t als Solistin sowie Interpretin gepr\u00e4gt. Sie f\u00fchrt eine intensive Konzertt\u00e4tigkeit im In- und Ausland aus und leistet [&hellip;]<\/p>\n","protected":false},"author":1,"featured_media":0,"parent":0,"menu_order":0,"comment_status":"closed","ping_status":"open","template":"template-index.php","meta":{"footnotes":""},"_links":{"self":[{"href":"https:\/\/worm-sawosskaja.de\/konzertpianistin\/wp-json\/wp\/v2\/pages\/2"}],"collection":[{"href":"https:\/\/worm-sawosskaja.de\/konzertpianistin\/wp-json\/wp\/v2\/pages"}],"about":[{"href":"https:\/\/worm-sawosskaja.de\/konzertpianistin\/wp-json\/wp\/v2\/types\/page"}],"author":[{"embeddable":true,"href":"https:\/\/worm-sawosskaja.de\/konzertpianistin\/wp-json\/wp\/v2\/users\/1"}],"replies":[{"embeddable":true,"href":"https:\/\/worm-sawosskaja.de\/konzertpianistin\/wp-json\/wp\/v2\/comments?post=2"}],"version-history":[{"count":12,"href":"https:\/\/worm-sawosskaja.de\/konzertpianistin\/wp-json\/wp\/v2\/pages\/2\/revisions"}],"predecessor-version":[{"id":2108,"href":"https:\/\/worm-sawosskaja.de\/konzertpianistin\/wp-json\/wp\/v2\/pages\/2\/revisions\/2108"}],"wp:attachment":[{"href":"https:\/\/worm-sawosskaja.de\/konzertpianistin\/wp-json\/wp\/v2\/media?parent=2"}],"curies":[{"name":"wp","href":"https:\/\/api.w.org\/{rel}","templated":true}]}}