{"id":2114,"date":"2023-12-02T18:27:53","date_gmt":"2023-12-02T17:27:53","guid":{"rendered":"https:\/\/worm-sawosskaja.de\/konzertpianistin\/?page_id=2114"},"modified":"2024-09-30T22:12:05","modified_gmt":"2024-09-30T20:12:05","slug":"referenzen","status":"publish","type":"page","link":"https:\/\/worm-sawosskaja.de\/konzertpianistin\/referenzen\/","title":{"rendered":"Referenzen"},"content":{"rendered":"\t\t<div data-elementor-type=\"wp-page\" data-elementor-id=\"2114\" class=\"elementor elementor-2114\">\n\t\t\t\t\t\t\t\t\t<section class=\"elementor-section elementor-top-section elementor-element elementor-element-e356629 elementor-section-boxed elementor-section-height-default elementor-section-height-default\" data-id=\"e356629\" data-element_type=\"section\">\n\t\t\t\t\t\t<div class=\"elementor-container elementor-column-gap-default\">\n\t\t\t\t\t<div class=\"elementor-column elementor-col-100 elementor-top-column elementor-element elementor-element-17924ef\" data-id=\"17924ef\" data-element_type=\"column\">\n\t\t\t<div class=\"elementor-widget-wrap elementor-element-populated\">\n\t\t\t\t\t\t\t\t<div class=\"elementor-element elementor-element-963da35 elementor-widget elementor-widget-text-editor\" data-id=\"963da35\" data-element_type=\"widget\" data-widget_type=\"text-editor.default\">\n\t\t\t\t<div class=\"elementor-widget-container\">\n\t\t\t\t\t\t\t<p style=\"text-align: center;\">SWR<br \/>RNF<br \/>Usbekistan TV<\/p><p style=\"text-align: center;\">Porsche AG<br \/>Daimler AG<br \/>BMW AG<br \/>MVV Energie AG<br \/>Veleda AG<\/p><p style=\"text-align: center;\">Commerzbank<br \/>Deutsche Bank<br \/>Sparkasse Heidelberg <br \/>Sparkasse Vorderpfalz<\/p><p style=\"text-align: center;\">Europarat Stra\u00dfburg<br \/>Generalvertretung der Russischen F\u00f6deration Strassburg<br \/>Generalkonsulat der Russischen F\u00f6deration Strassburg<br \/>Generalkonsulat der Republik Usbekistan Frankfurt am Main<br \/>\u00c4gyptische Botschaft<br \/><br \/>Metropolregion Rhein-Neckar<br \/>Lions Club Heidelberg Mittlere Bergstra\u00dfe Feuerio Gro\u00dfe Carnevalgesellschaft Mannheim e.V.<\/p><p style=\"text-align: center;\">Rosengarten Mannheim<br \/>Staatstheater Meluse Frankreich Schloss Mannheim<br \/>Schloss Schwetzingen<br \/>Schloss Edingen-Neckarhausen<br \/>Schloss Langenzell Wiesenbach<\/p><p style=\"text-align: center;\">CongressCenter Heidelberg<br \/>Rudolf-Wild-Halle Eppelheim<br \/>Stadthalle Hockenheim<br \/>Festhalle Br\u00fchl<br \/>Villa Meixner Br\u00fchl<br \/>Palais Hirsch Schwetzingen<br \/>Wollfabrik Schwetzingen<\/p><p style=\"text-align: center;\">Spiegelsaal Heidelberg<br \/>Historischer Ratssaal Speyer<br \/>Heiliggeistkirche Heidelberg <br \/>Lutherhaus Schwetzingen<br \/><br \/>TECHNOSEUM Mannheim<br \/>Reissmuseum Mannheim <br \/>Landesmuseum Liechtenstein Faberg\u00e9-Museum Baden-Baden <br \/><br \/>Beckers Grundst\u00fcck GmbH Boxheimer und Scheuermann GmbH Mannheim Zimmermann GmbH Mannheim Rothmann GmbH Baden-Baden Theatre Juweliere Baden-Baden Caspani Casa Baden-Baden Weingut M\u00fcller-Catoir, Neustadt an der Weinstra\u00dfe<br \/>Willy Wolf-Akademie <br \/><br \/>Grand Resort Bad Ragaz, Schweiz Allg\u00e4u Sonne Oberstaufen Steigenberger Hof Mannheim Molkenkur Heidelberg Mariott Heidelberg Atlantic-Parkhotel Baden-Baden <\/p>\t\t\t\t\t\t<\/div>\n\t\t\t\t<\/div>\n\t\t\t\t\t<\/div>\n\t\t<\/div>\n\t\t\t\t\t\t\t<\/div>\n\t\t<\/section>\n\t\t\t\t\t\t\t<\/div>\n\t\t","protected":false},"excerpt":{"rendered":"<p>SWRRNFUsbekistan TV Porsche AGDaimler AGBMW AGMVV Energie AGVeleda AG CommerzbankDeutsche BankSparkasse Heidelberg Sparkasse Vorderpfalz Europarat Stra\u00dfburgGeneralvertretung der Russischen F\u00f6deration StrassburgGeneralkonsulat der Russischen F\u00f6deration StrassburgGeneralkonsulat der Republik Usbekistan Frankfurt am Main\u00c4gyptische Botschaft Metropolregion Rhein-NeckarLions Club Heidelberg Mittlere Bergstra\u00dfe Feuerio Gro\u00dfe Carnevalgesellschaft Mannheim e.V. Rosengarten MannheimStaatstheater Meluse Frankreich Schloss MannheimSchloss SchwetzingenSchloss Edingen-NeckarhausenSchloss Langenzell Wiesenbach CongressCenter HeidelbergRudolf-Wild-Halle EppelheimStadthalle [&hellip;]<\/p>\n","protected":false},"author":1,"featured_media":0,"parent":0,"menu_order":0,"comment_status":"closed","ping_status":"closed","template":"","meta":{"footnotes":""},"_links":{"self":[{"href":"https:\/\/worm-sawosskaja.de\/konzertpianistin\/wp-json\/wp\/v2\/pages\/2114"}],"collection":[{"href":"https:\/\/worm-sawosskaja.de\/konzertpianistin\/wp-json\/wp\/v2\/pages"}],"about":[{"href":"https:\/\/worm-sawosskaja.de\/konzertpianistin\/wp-json\/wp\/v2\/types\/page"}],"author":[{"embeddable":true,"href":"https:\/\/worm-sawosskaja.de\/konzertpianistin\/wp-json\/wp\/v2\/users\/1"}],"replies":[{"embeddable":true,"href":"https:\/\/worm-sawosskaja.de\/konzertpianistin\/wp-json\/wp\/v2\/comments?post=2114"}],"version-history":[{"count":52,"href":"https:\/\/worm-sawosskaja.de\/konzertpianistin\/wp-json\/wp\/v2\/pages\/2114\/revisions"}],"predecessor-version":[{"id":2606,"href":"https:\/\/worm-sawosskaja.de\/konzertpianistin\/wp-json\/wp\/v2\/pages\/2114\/revisions\/2606"}],"wp:attachment":[{"href":"https:\/\/worm-sawosskaja.de\/konzertpianistin\/wp-json\/wp\/v2\/media?parent=2114"}],"curies":[{"name":"wp","href":"https:\/\/api.w.org\/{rel}","templated":true}]}}